{"id":102,"date":"2020-05-04T14:16:06","date_gmt":"2020-05-04T12:16:06","guid":{"rendered":"http:\/\/aesap.fr\/?page_id=102"},"modified":"2020-05-04T17:00:56","modified_gmt":"2020-05-04T15:00:56","slug":"adesions","status":"publish","type":"page","link":"https:\/\/aesap.fr\/?page_id=102","title":{"rendered":"Adh\u00e9sions"},"content":{"rendered":"\n<p>Cette ann\u00e9e 2020, \u00e9tant donn\u00e9 qu&rsquo;aucune journ\u00e9e de l&rsquo;aesap n&rsquo;est organis\u00e9e, l\u2019adh\u00e9sion sera effectu\u00e9e automatiquement sur demande pour l&rsquo;ensemble des enseignants chercheurs en chimie analytique des sections CNU 80 et 85 sur demande par mail. <\/p>\n\n\n\n<p>La demande pourra \u00eatre effectu\u00e9e individuellement ou collectivement au sein d&rsquo;une universit\u00e9 et devra contenir pour chacune des demandes individuels d&rsquo;adh\u00e9sion les informations suivantes :<\/p>\n\n\n\n<ul class=\"wp-block-list\"><li>nom,<\/li><li>pr\u00e9nom,<\/li><li>Pr.\/MCU\/HDR<\/li><li>section CNU<\/li><li>courriel,<\/li><li>num\u00e9ro de t\u00e9l\u00e9phone.<\/li><\/ul>\n\n\n\n<p> Les demandes d\u2019adh\u00e9sion sont \u00e0 envoyer par courriel en parall\u00e8le \u00e0  <strong><em>Igor CLAROT<\/em><\/strong> (<a href=\"mailto:igor.clarot@univ-lorraine.fr\">igor.clarot@univ-lorraine.fr<\/a>) et <strong><em>Samuel BERTRAND<\/em><\/strong> (<a href=\"mailto:samuel.bertrand@univ-nantes.fr\">samuel.bertrand@univ-nantes.fr<\/a>).<\/p>\n\n\n\n<p>Les adh\u00e9rents auront les avantages suivants :<\/p>\n\n\n\n<ul class=\"wp-block-list\"><li>la possibilit\u00e9 de participer aux discussions sur le forum (public ou priv\u00e9),<\/li><li>un acc\u00e8s aux ressources p\u00e9dagogiques d\u00e9pos\u00e9es sur le site,<\/li><li>la possibilit\u00e9 de partager ses propres ressources p\u00e9dagogiques avec les autres adh\u00e9rents,<\/li><li>l&rsquo;acc\u00e8s \u00e0 une mailing liste des adh\u00e9rents et donc la possibilit\u00e9 de communiquer rapidement avec une tr\u00e8s grande partie des enseignants\/chercheurs en chimie analytique de France,<\/li><li>la participation une fois par an aux journ\u00e9es de l&rsquo;aesap.<\/li><\/ul>\n","protected":false},"excerpt":{"rendered":"<p>Cette ann\u00e9e 2020, \u00e9tant donn\u00e9 qu&rsquo;aucune journ\u00e9e de l&rsquo;aesap n&rsquo;est organis\u00e9e, l\u2019adh\u00e9sion sera effectu\u00e9e automatiquement sur demande pour l&rsquo;ensemble des enseignants chercheurs en chimie analytique des sections CNU 80 et 85 sur demande par mail. La demande pourra \u00eatre effectu\u00e9e individuellement ou collectivement au sein d&rsquo;une universit\u00e9 et devra contenir pour chacune des demandes individuels&hellip;<\/p>\n<p><a class=\"more-link\" href=\"https:\/\/aesap.fr\/?page_id=102\" title=\"Lire la suite\u2026 &lsquo;Adh\u00e9sions&rsquo;\">Continue la lecture <span class=\"meta-nav\">&rarr;<\/span><\/a><\/p>\n","protected":false},"author":1,"featured_media":0,"parent":0,"menu_order":0,"comment_status":"closed","ping_status":"closed","template":"","meta":{"_bbp_topic_count":0,"_bbp_reply_count":0,"_bbp_total_topic_count":0,"_bbp_total_reply_count":0,"_bbp_voice_count":0,"_bbp_anonymous_reply_count":0,"_bbp_topic_count_hidden":0,"_bbp_reply_count_hidden":0,"_bbp_forum_subforum_count":0,"footnotes":""},"class_list":["post-102","page","type-page","status-publish","hentry"],"_links":{"self":[{"href":"https:\/\/aesap.fr\/index.php?rest_route=\/wp\/v2\/pages\/102","targetHints":{"allow":["GET"]}}],"collection":[{"href":"https:\/\/aesap.fr\/index.php?rest_route=\/wp\/v2\/pages"}],"about":[{"href":"https:\/\/aesap.fr\/index.php?rest_route=\/wp\/v2\/types\/page"}],"author":[{"embeddable":true,"href":"https:\/\/aesap.fr\/index.php?rest_route=\/wp\/v2\/users\/1"}],"replies":[{"embeddable":true,"href":"https:\/\/aesap.fr\/index.php?rest_route=%2Fwp%2Fv2%2Fcomments&post=102"}],"version-history":[{"count":3,"href":"https:\/\/aesap.fr\/index.php?rest_route=\/wp\/v2\/pages\/102\/revisions"}],"predecessor-version":[{"id":117,"href":"https:\/\/aesap.fr\/index.php?rest_route=\/wp\/v2\/pages\/102\/revisions\/117"}],"wp:attachment":[{"href":"https:\/\/aesap.fr\/index.php?rest_route=%2Fwp%2Fv2%2Fmedia&parent=102"}],"curies":[{"name":"wp","href":"https:\/\/api.w.org\/{rel}","templated":true}]}}