{"id":11,"date":"2020-04-28T16:58:30","date_gmt":"2020-04-28T14:58:30","guid":{"rendered":"http:\/\/aesap.fr\/?page_id=11"},"modified":"2026-01-14T09:04:35","modified_gmt":"2026-01-14T08:04:35","slug":"contact","status":"publish","type":"page","link":"https:\/\/aesap.fr\/?page_id=11","title":{"rendered":"Contact"},"content":{"rendered":"\n<p>Le bureau de l&rsquo;association est constitu\u00e9 d&rsquo;un pr\u00e9sident, d&rsquo;un tr\u00e9sorier, d&rsquo;un secr\u00e9taire et d&rsquo;un responsable communication.<\/p>\n\n\n\n<h4 class=\"wp-block-heading\">Le pr\u00e9sident : <strong><em> <strong><em>Igor CLAROT<\/em><\/strong><\/em><\/strong><\/h4>\n\n\n\n<p>Professeur de chimie Analytique<br>mail: <a href=\"mailto:eric.peyrin@univ-grenoble-alpes.fr\"><a href=\"mailto:igor.clarot@univ-lorraine.fr\">igor.clarot@univ-lorraine.fr<\/a><\/a><\/p>\n\n\n\n<h4 class=\"wp-block-heading\">Le tr\u00e9sorier : <em><strong>Corinne RAVELET<\/strong><\/em><\/h4>\n\n\n\n<p>Professeur de chimie Analytique<br>mail: <a href=\"mailto:corinne.ravelet@univ-grenoble-alpes.fr\">corinne.ravelet@univ-grenoble-alpes.fr<\/a><\/p>\n\n\n\n<h4 class=\"wp-block-heading\">Le secr\u00e9taire : <em><strong>Claudia Muracciole Bich<\/strong><\/em><\/h4>\n\n\n\n<p>Maitre de Conf\u00e9rences<br>mail: <a href=\"mailto:claudia.muracciole-bich@umontpellier.fr\">claudia.muracciole-bich@umontpellier.fr<\/a><\/p>\n\n\n\n<h4 class=\"wp-block-heading\">Le responsable communication : <strong><em>Samuel BERTRAND<\/em><\/strong><\/h4>\n\n\n\n<p>ma\u00eetre de conf\u00e9rences &#8211; HDR &#8211; de chimie Analytique<br>mail: <a href=\"mailto:samuel.bertrand@univ-nantes.fr\">samuel.bertrand@univ-nantes.fr<\/a><\/p>\n\n\n\n<hr class=\"wp-block-separator has-alpha-channel-opacity\"\/>\n\n\n\n<h2 class=\"wp-block-heading\">CA2019-2025<\/h2>\n\n\n\n<h4 class=\"wp-block-heading\">Le pr\u00e9sident : <strong><em>Eric PEYRIN<\/em> (Professeur de chimie Analytique)<\/strong><\/h4>\n\n\n\n<h4 class=\"wp-block-heading\">Le tr\u00e9sorier : <strong><em>Igor CLAROT<\/em> (Professeur de chimie Analytique)<\/strong><\/h4>\n\n\n\n<h4 class=\"wp-block-heading\">Le secr\u00e9taire : <strong><em>Catherine PERRIN <\/em>(Professeur de chimie Analytique)<\/strong><\/h4>\n\n\n\n<h4 class=\"wp-block-heading\">Le responsable communication : <strong><em>Samuel BERTRAND<\/em> (ma\u00eetre de conf\u00e9rences &#8211; HDR &#8211; de chimie Analytique)<\/strong><\/h4>\n","protected":false},"excerpt":{"rendered":"<p>Le bureau de l&rsquo;association est constitu\u00e9 d&rsquo;un pr\u00e9sident, d&rsquo;un tr\u00e9sorier, d&rsquo;un secr\u00e9taire et d&rsquo;un responsable communication. Le pr\u00e9sident : Igor CLAROT Professeur de chimie Analytiquemail: igor.clarot@univ-lorraine.fr Le tr\u00e9sorier : Corinne RAVELET Professeur de chimie Analytiquemail: corinne.ravelet@univ-grenoble-alpes.fr Le secr\u00e9taire : Claudia Muracciole Bich Maitre de Conf\u00e9rencesmail: claudia.muracciole-bich@umontpellier.fr Le responsable communication : Samuel BERTRAND ma\u00eetre de conf\u00e9rences&hellip;<\/p>\n<p><a class=\"more-link\" href=\"https:\/\/aesap.fr\/?page_id=11\" title=\"Lire la suite\u2026 &lsquo;Contact&rsquo;\">Continue la lecture <span class=\"meta-nav\">&rarr;<\/span><\/a><\/p>\n","protected":false},"author":1,"featured_media":0,"parent":0,"menu_order":0,"comment_status":"closed","ping_status":"closed","template":"page-templates\/full-width.php","meta":{"_bbp_topic_count":0,"_bbp_reply_count":0,"_bbp_total_topic_count":0,"_bbp_total_reply_count":0,"_bbp_voice_count":0,"_bbp_anonymous_reply_count":0,"_bbp_topic_count_hidden":0,"_bbp_reply_count_hidden":0,"_bbp_forum_subforum_count":0,"footnotes":""},"class_list":["post-11","page","type-page","status-publish","hentry"],"_links":{"self":[{"href":"https:\/\/aesap.fr\/index.php?rest_route=\/wp\/v2\/pages\/11","targetHints":{"allow":["GET"]}}],"collection":[{"href":"https:\/\/aesap.fr\/index.php?rest_route=\/wp\/v2\/pages"}],"about":[{"href":"https:\/\/aesap.fr\/index.php?rest_route=\/wp\/v2\/types\/page"}],"author":[{"embeddable":true,"href":"https:\/\/aesap.fr\/index.php?rest_route=\/wp\/v2\/users\/1"}],"replies":[{"embeddable":true,"href":"https:\/\/aesap.fr\/index.php?rest_route=%2Fwp%2Fv2%2Fcomments&post=11"}],"version-history":[{"count":5,"href":"https:\/\/aesap.fr\/index.php?rest_route=\/wp\/v2\/pages\/11\/revisions"}],"predecessor-version":[{"id":249,"href":"https:\/\/aesap.fr\/index.php?rest_route=\/wp\/v2\/pages\/11\/revisions\/249"}],"wp:attachment":[{"href":"https:\/\/aesap.fr\/index.php?rest_route=%2Fwp%2Fv2%2Fmedia&parent=11"}],"curies":[{"name":"wp","href":"https:\/\/api.w.org\/{rel}","templated":true}]}}