{"id":2,"date":"2020-04-28T14:30:24","date_gmt":"2020-04-28T12:30:24","guid":{"rendered":"http:\/\/aesap.fr\/?page_id=2"},"modified":"2020-04-29T15:28:19","modified_gmt":"2020-04-29T13:28:19","slug":"page-d-exemple","status":"publish","type":"page","link":"https:\/\/aesap.fr\/","title":{"rendered":"Aesap"},"content":{"rendered":"\n<p>L&rsquo;Association des enseignants de Sciences Analytiques de Pharmacie (Aesap) a pour objectif de :<\/p>\n\n\n\n<ul class=\"wp-block-list\"><li>Promouvoir les Sciences Analytiques et contribuer \u00e0 son d\u00e9veloppement au sein des \u00e9tudes de Pharmacie.<\/li><li>Favoriser les \u00e9changes entre enseignants-chercheurs au service de de la recherche et de l\u2019innovation p\u00e9dagogique en Sciences Analytiques.<\/li><li>Rassembler la communaut\u00e9 fran\u00e7aise autour des valeurs des Sciences Analytiques<\/li><li>\u00catre un interlocuteur privil\u00e9gi\u00e9 aupr\u00e8s du Comit\u00e9 National des Universit\u00e9s des sections 85 et 80<\/li><\/ul>\n\n\n\n<hr class=\"wp-block-separator\"\/>\n\n\n\n<p>Ce site a pour vocation d&rsquo;aider \u00e0 la discussion entre les membres de l&rsquo;Aesap gr\u00e2ce \u00e0 un forum (public et priv\u00e9) ainsi qu&rsquo;avec un espace d&rsquo;\u00e9change de mat\u00e9riel p\u00e9dagogique entre ses membres.<\/p>\n","protected":false},"excerpt":{"rendered":"<p>L&rsquo;Association des enseignants de Sciences Analytiques de Pharmacie (Aesap) a pour objectif de : Promouvoir les Sciences Analytiques et contribuer \u00e0 son d\u00e9veloppement au sein des \u00e9tudes de Pharmacie. Favoriser les \u00e9changes entre enseignants-chercheurs au service de de la recherche et de l\u2019innovation p\u00e9dagogique en Sciences Analytiques. Rassembler la communaut\u00e9 fran\u00e7aise autour des valeurs des&hellip;<\/p>\n<p><a class=\"more-link\" href=\"https:\/\/aesap.fr\/\" title=\"Lire la suite\u2026 &lsquo;Aesap&rsquo;\">Continue la lecture <span class=\"meta-nav\">&rarr;<\/span><\/a><\/p>\n","protected":false},"author":1,"featured_media":0,"parent":0,"menu_order":0,"comment_status":"closed","ping_status":"open","template":"","meta":{"_bbp_topic_count":0,"_bbp_reply_count":0,"_bbp_total_topic_count":0,"_bbp_total_reply_count":0,"_bbp_voice_count":0,"_bbp_anonymous_reply_count":0,"_bbp_topic_count_hidden":0,"_bbp_reply_count_hidden":0,"_bbp_forum_subforum_count":0,"footnotes":""},"class_list":["post-2","page","type-page","status-publish","hentry"],"_links":{"self":[{"href":"https:\/\/aesap.fr\/index.php?rest_route=\/wp\/v2\/pages\/2","targetHints":{"allow":["GET"]}}],"collection":[{"href":"https:\/\/aesap.fr\/index.php?rest_route=\/wp\/v2\/pages"}],"about":[{"href":"https:\/\/aesap.fr\/index.php?rest_route=\/wp\/v2\/types\/page"}],"author":[{"embeddable":true,"href":"https:\/\/aesap.fr\/index.php?rest_route=\/wp\/v2\/users\/1"}],"replies":[{"embeddable":true,"href":"https:\/\/aesap.fr\/index.php?rest_route=%2Fwp%2Fv2%2Fcomments&post=2"}],"version-history":[{"count":5,"href":"https:\/\/aesap.fr\/index.php?rest_route=\/wp\/v2\/pages\/2\/revisions"}],"predecessor-version":[{"id":50,"href":"https:\/\/aesap.fr\/index.php?rest_route=\/wp\/v2\/pages\/2\/revisions\/50"}],"wp:attachment":[{"href":"https:\/\/aesap.fr\/index.php?rest_route=%2Fwp%2Fv2%2Fmedia&parent=2"}],"curies":[{"name":"wp","href":"https:\/\/api.w.org\/{rel}","templated":true}]}}