{"id":69,"date":"2020-04-29T15:53:57","date_gmt":"2020-04-29T13:53:57","guid":{"rendered":"http:\/\/aesap.fr\/?page_id=69"},"modified":"2020-04-29T15:53:57","modified_gmt":"2020-04-29T13:53:57","slug":"vous-navez-pas-acces-a-ces-ressources","status":"publish","type":"page","link":"https:\/\/aesap.fr\/?page_id=69","title":{"rendered":"Vous n&rsquo;avez pas acc\u00e8s \u00e0 ces ressources."},"content":{"rendered":"\n<p>N&rsquo;\u00e9tant pas membre de l&rsquo;aesap, vous n&rsquo;avez pas acc\u00e8s au forum priv\u00e9, ni aux ressources p\u00e9dagogiques.<\/p>\n\n\n\n<p>Veuillez vous inscrire \u00e0 l&rsquo;aesap pour pouvoir y acc\u00e9der.<\/p>\n","protected":false},"excerpt":{"rendered":"<p>N&rsquo;\u00e9tant pas membre de l&rsquo;aesap, vous n&rsquo;avez pas acc\u00e8s au forum priv\u00e9, ni aux ressources p\u00e9dagogiques. Veuillez vous inscrire \u00e0 l&rsquo;aesap pour pouvoir y acc\u00e9der.<\/p>\n","protected":false},"author":1,"featured_media":0,"parent":0,"menu_order":0,"comment_status":"closed","ping_status":"closed","template":"","meta":{"_bbp_topic_count":0,"_bbp_reply_count":0,"_bbp_total_topic_count":0,"_bbp_total_reply_count":0,"_bbp_voice_count":0,"_bbp_anonymous_reply_count":0,"_bbp_topic_count_hidden":0,"_bbp_reply_count_hidden":0,"_bbp_forum_subforum_count":0,"footnotes":""},"class_list":["post-69","page","type-page","status-publish","hentry"],"_links":{"self":[{"href":"https:\/\/aesap.fr\/index.php?rest_route=\/wp\/v2\/pages\/69","targetHints":{"allow":["GET"]}}],"collection":[{"href":"https:\/\/aesap.fr\/index.php?rest_route=\/wp\/v2\/pages"}],"about":[{"href":"https:\/\/aesap.fr\/index.php?rest_route=\/wp\/v2\/types\/page"}],"author":[{"embeddable":true,"href":"https:\/\/aesap.fr\/index.php?rest_route=\/wp\/v2\/users\/1"}],"replies":[{"embeddable":true,"href":"https:\/\/aesap.fr\/index.php?rest_route=%2Fwp%2Fv2%2Fcomments&post=69"}],"version-history":[{"count":1,"href":"https:\/\/aesap.fr\/index.php?rest_route=\/wp\/v2\/pages\/69\/revisions"}],"predecessor-version":[{"id":70,"href":"https:\/\/aesap.fr\/index.php?rest_route=\/wp\/v2\/pages\/69\/revisions\/70"}],"wp:attachment":[{"href":"https:\/\/aesap.fr\/index.php?rest_route=%2Fwp%2Fv2%2Fmedia&parent=69"}],"curies":[{"name":"wp","href":"https:\/\/api.w.org\/{rel}","templated":true}]}}